{"id":8,"date":"2026-02-10T09:16:55","date_gmt":"2026-02-10T09:16:55","guid":{"rendered":"https:\/\/alicebergelac.com\/?page_id=8"},"modified":"2026-03-19T16:58:55","modified_gmt":"2026-03-19T16:58:55","slug":"accueil","status":"publish","type":"page","link":"https:\/\/alicebergelac.com\/","title":{"rendered":"Accueil &#8211; Alice Bergelac"},"content":{"rendered":"\n<div class=\"wp-block-cover is-light has-medium-font-size\" style=\"padding-right:0;padding-left:0\"><img loading=\"lazy\" decoding=\"async\" width=\"894\" height=\"550\" class=\"wp-block-cover__image-background wp-image-59 size-full\" alt=\"\" src=\"https:\/\/alicebergelac.com\/wp-content\/uploads\/2026\/02\/Sans-titre-1200-x-800-px-1200-x-500-px-1200-x-500-px-9.png\" data-object-fit=\"cover\" srcset=\"https:\/\/alicebergelac.com\/wp-content\/uploads\/2026\/02\/Sans-titre-1200-x-800-px-1200-x-500-px-1200-x-500-px-9.png 894w, https:\/\/alicebergelac.com\/wp-content\/uploads\/2026\/02\/Sans-titre-1200-x-800-px-1200-x-500-px-1200-x-500-px-9-300x185.png 300w, https:\/\/alicebergelac.com\/wp-content\/uploads\/2026\/02\/Sans-titre-1200-x-800-px-1200-x-500-px-1200-x-500-px-9-768x472.png 768w\" sizes=\"auto, (max-width: 894px) 100vw, 894px\" \/><span aria-hidden=\"true\" class=\"wp-block-cover__background has-background-dim-10 has-background-dim\" style=\"background-color:#f0e9de\"><\/span><div class=\"wp-block-cover__inner-container is-layout-constrained wp-container-core-cover-is-layout-a7c31ef8 wp-block-cover-is-layout-constrained\">\n<h1 class=\"wp-block-heading has-text-align-center has-large-font-size\"><em>ALICE BERGELAC<\/em><\/h1>\n\n\n\n<h2 class=\"wp-block-heading alignwide has-text-align-center\"><strong>SEXOTH\u00c9RAPIE &#8211; TH\u00c9RAPIE DE COUPLE <\/strong><\/h2>\n\n\n\n<h3 class=\"wp-block-heading has-text-align-center\">Consultations individuelles ou en couple<br>Ateliers &#8211; conf\u00e9rences &#8211; interventions <\/h3>\n<\/div><\/div>\n\n\n\n<div style=\"height:60px\" aria-hidden=\"true\" class=\"wp-block-spacer\"><\/div>\n\n\n\n<div class=\"wp-block-group is-vertical is-content-justification-center is-layout-flex wp-container-core-group-is-layout-73a99bce wp-block-group-is-layout-flex\">\n<p class=\"has-text-align-center has-large-font-size\"><em>M\u00eame lorsque tout para\u00eet bloqu\u00e9, <\/em><\/p>\n\n\n\n<p class=\"has-text-align-center has-large-font-size\"><em>un mouvement reste encore possible.<\/em><\/p>\n<\/div>\n\n\n<div class=\"wp-block-image\">\n<figure class=\"aligncenter size-full is-resized\"><img loading=\"lazy\" decoding=\"async\" width=\"2000\" height=\"2000\" src=\"https:\/\/alicebergelac.com\/wp-content\/uploads\/2026\/02\/Ajouter-un-titre-3.png\" alt=\"\" class=\"wp-image-253\" style=\"width:268px;height:auto\" srcset=\"https:\/\/alicebergelac.com\/wp-content\/uploads\/2026\/02\/Ajouter-un-titre-3.png 2000w, https:\/\/alicebergelac.com\/wp-content\/uploads\/2026\/02\/Ajouter-un-titre-3-300x300.png 300w, https:\/\/alicebergelac.com\/wp-content\/uploads\/2026\/02\/Ajouter-un-titre-3-1024x1024.png 1024w, https:\/\/alicebergelac.com\/wp-content\/uploads\/2026\/02\/Ajouter-un-titre-3-150x150.png 150w, https:\/\/alicebergelac.com\/wp-content\/uploads\/2026\/02\/Ajouter-un-titre-3-768x768.png 768w, https:\/\/alicebergelac.com\/wp-content\/uploads\/2026\/02\/Ajouter-un-titre-3-1536x1536.png 1536w\" sizes=\"auto, (max-width: 2000px) 100vw, 2000px\" \/><\/figure>\n<\/div>\n\n\n<div class=\"wp-block-cover\"><span aria-hidden=\"true\" class=\"wp-block-cover__background has-nv-c-1-background-color has-background-dim-100 has-background-dim\"><\/span><div class=\"wp-block-cover__inner-container is-layout-constrained wp-block-cover-is-layout-constrained\">\n<p class=\"has-text-align-center has-neve-text-color-color has-text-color has-link-color has-medium-font-size wp-elements-2a898121c0f9cc1e959542b8f9a0b58b\">Quand la relation \u00e0 l&rsquo;autre et la communication deviennent compliqu\u00e9s, emplis d&rsquo;incompr\u00e9hensions et de tensions. <\/p>\n\n\n\n<p class=\"has-text-align-center has-neve-text-color-color has-text-color has-link-color has-medium-font-size wp-elements-6891e2f8deb14babbd126ac7ca67e945\">Quand les m\u00eames sch\u00e9mas se r\u00e9p\u00e8tent sans cesse et qu&rsquo;il devient difficile d&rsquo;imaginer une autre issue. <\/p>\n\n\n\n<p class=\"has-text-align-center has-neve-text-color-color has-text-color has-link-color has-medium-font-size wp-elements-6b15dd317c681c555009769b976bf425\">Quand le d\u00e9sir change, \u00e9loigne, interroge et que l&rsquo;intimit\u00e9 est source de confusion, distance, et malaise. <\/p>\n\n\n\n<p class=\"has-text-align-center has-neve-text-color-color has-text-color has-link-color has-medium-font-size wp-elements-a3701ebf67186ab89ccb6c2081af309b\">Ou encore quand quelque chose en soi ou en l&rsquo;autre ne sonne plus juste, ne trouve pas sa place&#8230; <br><br>Alors il peut devenir n\u00e9cessaire de prendre un temps pour comprendre, mettre en mots, clarifier ce qui se joue pour entreprendre ensuite des actions efficaces, coh\u00e9rentes et align\u00e9es avec vous. Une consultation offre un espace neutre et confidentiel pour explorer ces questions et avancer vers plus d&rsquo;apaisement.<\/p>\n\n\n\n<div style=\"height:20px\" aria-hidden=\"true\" class=\"wp-block-spacer\"><\/div>\n\n\n\n<div class=\"wp-block-buttons is-content-justification-center is-layout-flex wp-container-core-buttons-is-layout-16018d1d wp-block-buttons-is-layout-flex\">\n<div class=\"wp-block-button\"><a class=\"wp-block-button__link wp-element-button\" href=\"https:\/\/alicebergelac.com\/cadre-des-consultations\/\" target=\"_blank\" rel=\"noreferrer noopener\">En quoi consiste une consultation ? <\/a><\/div>\n<\/div>\n<\/div><\/div>\n\n\n\n<div style=\"height:60px\" aria-hidden=\"true\" class=\"wp-block-spacer\"><\/div>\n\n\n<div class=\"wp-block-image is-style-rounded\">\n<figure class=\"aligncenter size-large is-resized\"><img loading=\"lazy\" decoding=\"async\" width=\"1024\" height=\"1024\" src=\"https:\/\/alicebergelac.com\/wp-content\/uploads\/2026\/02\/Cream-Simple-Sparkles-Photo-Avatar-2-1-1024x1024.png\" alt=\"\" class=\"wp-image-49\" style=\"width:218px;height:auto\" srcset=\"https:\/\/alicebergelac.com\/wp-content\/uploads\/2026\/02\/Cream-Simple-Sparkles-Photo-Avatar-2-1-1024x1024.png 1024w, https:\/\/alicebergelac.com\/wp-content\/uploads\/2026\/02\/Cream-Simple-Sparkles-Photo-Avatar-2-1-300x300.png 300w, https:\/\/alicebergelac.com\/wp-content\/uploads\/2026\/02\/Cream-Simple-Sparkles-Photo-Avatar-2-1-150x150.png 150w, https:\/\/alicebergelac.com\/wp-content\/uploads\/2026\/02\/Cream-Simple-Sparkles-Photo-Avatar-2-1-768x768.png 768w, https:\/\/alicebergelac.com\/wp-content\/uploads\/2026\/02\/Cream-Simple-Sparkles-Photo-Avatar-2-1.png 1080w\" sizes=\"auto, (max-width: 1024px) 100vw, 1024px\" \/><\/figure>\n<\/div>\n\n\n<blockquote class=\"wp-block-quote has-text-align-center is-style-large is-layout-flow wp-block-quote-is-layout-flow\">\n<p class=\"has-medium-font-size\">Sexoth\u00e9rapeute et th\u00e9rapeute de couple certifi\u00e9e, j&rsquo;accompagne des personnes seules et des couples qui traversent une p\u00e9riode de blocage, de doutes, ou de souffrance.<br><br>Ensemble, nous cherchons \u00e0 comprendre les m\u00e9canismes et dynamiques en jeu pour mettre en place des ajustements concrets, adapt\u00e9s \u00e0 votre situation, et retrouver plus de stabilit\u00e9 et de clart\u00e9. <\/p>\n<\/blockquote>\n\n\n\n<div class=\"wp-block-buttons alignwide is-content-justification-center is-layout-flex wp-container-core-buttons-is-layout-16018d1d wp-block-buttons-is-layout-flex\">\n<div class=\"wp-block-button\"><a class=\"wp-block-button__link wp-element-button\" href=\"https:\/\/alicebergelac.com\/formations-et-approche\/\" target=\"_blank\" rel=\"noreferrer noopener\">Mes formations et mon approche th\u00e9rapeutique<\/a><\/div>\n<\/div>\n\n\n\n<div style=\"height:60px\" aria-hidden=\"true\" class=\"wp-block-spacer\"><\/div>\n\n\n\n<h2 class=\"wp-block-heading\">Quelle diff\u00e9rence entre sexoth\u00e9rapie et th\u00e9rapie de couple ? <\/h2>\n\n\n\n<p class=\"has-medium-font-size\">Voici quelques rep\u00e8res pour vous orienter, mais sachez que quel que soit votre point de d\u00e9part, le cadre pourra \u00eatre ajust\u00e9 en fonction de votre situation. <\/p>\n\n\n\n<div class=\"wp-block-columns is-layout-flex wp-container-core-columns-is-layout-9d6595d7 wp-block-columns-is-layout-flex\">\n<div class=\"wp-block-column is-layout-flow wp-block-column-is-layout-flow\">\n<div class=\"wp-block-cover\" style=\"min-height:347px;aspect-ratio:unset;\"><span aria-hidden=\"true\" class=\"wp-block-cover__background has-nv-c-1-background-color has-background-dim-100 has-background-dim\"><\/span><div class=\"wp-block-cover__inner-container is-layout-constrained wp-block-cover-is-layout-constrained\">\n<h3 class=\"wp-block-heading has-text-align-center has-neve-text-color-color has-text-color has-link-color has-large-font-size wp-elements-677ab7d03370a726366b3f66d26d7538\"><strong>SEXOTH\u00c9RAPIE<\/strong><\/h3>\n\n\n\n<p class=\"has-text-align-left has-neve-text-color-color has-text-color has-link-color has-medium-font-size wp-elements-bfe1468ef4b64c231ce7298bd49981a2\"><strong>Pour les personnes et les couples qui : <\/strong><br>\u2705 questionnent leur d\u00e9sir ou leur rapport \u00e0 la sexualit\u00e9 <br>\u2705 connaissent une baisse de libido ou un d\u00e9calage dans leurs relations<br>\u2705 vivent des blocages, des douleurs, ou une insatisfaction persistantes<\/p>\n\n\n\n<div class=\"wp-block-buttons is-content-justification-center is-layout-flex wp-container-core-buttons-is-layout-16018d1d wp-block-buttons-is-layout-flex\">\n<div class=\"wp-block-button\"><a class=\"wp-block-button__link wp-element-button\" href=\"https:\/\/alicebergelac.com\/sexotherapie\/\" target=\"_blank\" rel=\"noreferrer noopener\">En savoir plus sur la sexoth\u00e9rapie<\/a><\/div>\n<\/div>\n<\/div><\/div>\n<\/div>\n\n\n\n<div class=\"wp-block-column is-layout-flow wp-block-column-is-layout-flow\">\n<div class=\"wp-block-cover\" style=\"min-height:379px;aspect-ratio:unset;\"><span aria-hidden=\"true\" class=\"wp-block-cover__background has-nv-c-1-background-color has-background-dim-100 has-background-dim\"><\/span><div class=\"wp-block-cover__inner-container is-layout-constrained wp-block-cover-is-layout-constrained\">\n<h3 class=\"wp-block-heading has-text-align-center has-neve-text-color-color has-text-color has-link-color has-large-font-size wp-elements-fac075da69a4425e37a7675c88060377\"><strong>TH\u00c9RAPIE DE COUPLE<\/strong><\/h3>\n\n\n\n<p class=\"has-text-align-left has-neve-text-color-color has-text-color has-link-color has-medium-font-size wp-elements-01f64c86e202455c99b797dcf668ec5d\"><strong>Pour les couples qui : <\/strong><br>\u2705 ne parviennent plus \u00e0 communiquer sereinement <br>\u2705 vivent des tensions ou conflits r\u00e9currents<br>\u2705 traversent une crise, une transition, une trahison, une p\u00e9riode de doutes<br>\u2705 ressentent une perte de lien ou d&rsquo;intimit\u00e9<\/p>\n\n\n\n<div class=\"wp-block-buttons is-content-justification-center is-layout-flex wp-container-core-buttons-is-layout-16018d1d wp-block-buttons-is-layout-flex\">\n<div class=\"wp-block-button\"><a class=\"wp-block-button__link wp-element-button\" href=\"https:\/\/alicebergelac.com\/therapie-de-couple\/\" target=\"_blank\" rel=\"noreferrer noopener\">En savoir plus sur la th\u00e9rapie de couple<\/a><\/div>\n<\/div>\n<\/div><\/div>\n<\/div>\n<\/div>\n\n\n\n<div style=\"height:60px\" aria-hidden=\"true\" class=\"wp-block-spacer\"><\/div>\n\n\n\n<div class=\"wp-block-cover is-light\" style=\"min-height:370px;aspect-ratio:unset;\"><img loading=\"lazy\" decoding=\"async\" width=\"894\" height=\"550\" class=\"wp-block-cover__image-background wp-image-59 size-full\" alt=\"\" src=\"https:\/\/alicebergelac.com\/wp-content\/uploads\/2026\/02\/Sans-titre-1200-x-800-px-1200-x-500-px-1200-x-500-px-9.png\" data-object-fit=\"cover\" srcset=\"https:\/\/alicebergelac.com\/wp-content\/uploads\/2026\/02\/Sans-titre-1200-x-800-px-1200-x-500-px-1200-x-500-px-9.png 894w, https:\/\/alicebergelac.com\/wp-content\/uploads\/2026\/02\/Sans-titre-1200-x-800-px-1200-x-500-px-1200-x-500-px-9-300x185.png 300w, https:\/\/alicebergelac.com\/wp-content\/uploads\/2026\/02\/Sans-titre-1200-x-800-px-1200-x-500-px-1200-x-500-px-9-768x472.png 768w\" sizes=\"auto, (max-width: 894px) 100vw, 894px\" \/><span aria-hidden=\"true\" class=\"wp-block-cover__background has-background-dim-60 has-background-dim\" style=\"background-color:#f0e9de\"><\/span><div class=\"wp-block-cover__inner-container is-layout-constrained wp-block-cover-is-layout-constrained\">\n<p class=\"has-text-align-center has-large-font-size\">Seul(e) ou en couple ? <\/p>\n\n\n\n<p class=\"has-text-align-center has-medium-font-size\">Consulter, c&rsquo;est d\u00e9j\u00e0 amorcer un changement. <br><br>Un premier rendez-vous permet de faire le point, de mettre des mots sur votre situation, et d&rsquo;envisager les pistes possibles. Vous pouvez venir avec vos questions, vos doutes, ou simplement le besoin d&rsquo;y voir plus clair.  <\/p>\n\n\n\n<div class=\"wp-block-buttons is-content-justification-center is-layout-flex wp-container-core-buttons-is-layout-16018d1d wp-block-buttons-is-layout-flex\">\n<div class=\"wp-block-button\"><a class=\"wp-block-button__link wp-element-button\" href=\"https:\/\/meet.brevo.com\/alice-bergelac\/sexotherapie-1ere-seance\" target=\"_blank\" rel=\"noreferrer noopener\">Programmez votre premi\u00e8re s\u00e9ance &#8211; SEXOTHERAPIE<\/a><\/div>\n<\/div>\n\n\n\n<div style=\"height:20px\" aria-hidden=\"true\" class=\"wp-block-spacer\"><\/div>\n\n\n\n<div class=\"wp-block-buttons is-content-justification-center is-layout-flex wp-container-core-buttons-is-layout-16018d1d wp-block-buttons-is-layout-flex\">\n<div class=\"wp-block-button\"><a class=\"wp-block-button__link wp-element-button\" href=\"https:\/\/meet.brevo.com\/alice-bergelac\/accompagnement-relationnel-de-couple\" target=\"_blank\" rel=\"noreferrer noopener\">Programmez votre premi\u00e8re s\u00e9ance &#8211; THERAPIE DE COUPLE<\/a><\/div>\n<\/div>\n<\/div><\/div>\n\n\n\n<div style=\"height:60px\" aria-hidden=\"true\" class=\"wp-block-spacer\"><\/div>\n\n\n\n<div class=\"wp-block-cover\" style=\"min-height:267px;aspect-ratio:unset;\"><span aria-hidden=\"true\" class=\"wp-block-cover__background has-nv-c-1-background-color has-background-dim-100 has-background-dim\"><\/span><div class=\"wp-block-cover__inner-container is-layout-constrained wp-block-cover-is-layout-constrained\">\n<h2 class=\"wp-block-heading has-text-align-center has-nv-dark-bg-color has-text-color has-link-color wp-elements-1f78752a7abee929a0417596be04596e\" style=\"font-size:22px\"><strong>Informations pratiques : <\/strong><\/h2>\n\n\n\n<p class=\"has-text-align-center has-neve-text-color-color has-text-color has-link-color has-medium-font-size wp-elements-77a8373aa5e1f796602937447d872125\">\ud83d\udc64\ud83d\udc65 S\u00e9ances individuelles ou en couple<br>\ud83d\udda5\ufe0f En distanciel en visio<br>\u23f2\ufe0f Premi\u00e8re s\u00e9ance : 60 \u00e0 90 minutes \/ S\u00e9ances de suivi : 45 \u00e0 60 minutes <br>\ud83d\udcc5 Du mardi au jeudi de 9h \u00e0 19h<br>\ud83d\udd10 Discr\u00e9tion et secret professionnel<\/p>\n\n\n\n<p class=\"has-text-align-center has-nv-dark-bg-color has-text-color has-link-color wp-elements-079eaedf7a3ff2c3e8ddf1e70a298a30\">Les consultations ne remplacent pas un suivi m\u00e9dical ou psychiatrique. En cas d\u2019urgence ou de situation de violence, je vous invite \u00e0 contacter le&nbsp;<strong>112<\/strong>&nbsp;(num\u00e9ro d\u2019urgence europ\u00e9en), le&nbsp;<strong>3919<\/strong>&nbsp;(violences faites aux femmes), le&nbsp;<strong>116 006<\/strong>&nbsp;(France Victimes, violences subies quel que soit votre sexe et genre), ou le&nbsp;<strong>3114<\/strong>&nbsp;(d\u00e9tresse psychologique, pens\u00e9es suicidaires).<\/p>\n<\/div><\/div>\n","protected":false},"excerpt":{"rendered":"<p>M\u00eame lorsque tout para\u00eet bloqu\u00e9, un mouvement reste encore possible. Sexoth\u00e9rapeute et th\u00e9rapeute de couple certifi\u00e9e, j&rsquo;accompagne des personnes seules et des couples qui traversent une p\u00e9riode de blocage, de doutes, ou de souffrance. Ensemble, nous cherchons \u00e0 comprendre les m\u00e9canismes et dynamiques en jeu pour mettre en place des ajustements concrets, adapt\u00e9s \u00e0 votre&hellip;&nbsp;<\/p>\n","protected":false},"author":1,"featured_media":0,"parent":0,"menu_order":0,"comment_status":"closed","ping_status":"closed","template":"","meta":{"neve_meta_sidebar":"","neve_meta_container":"","neve_meta_enable_content_width":"","neve_meta_content_width":0,"neve_meta_title_alignment":"","neve_meta_author_avatar":"","neve_post_elements_order":"","neve_meta_disable_header":"","neve_meta_disable_footer":"","neve_meta_disable_title":"","footnotes":""},"class_list":["post-8","page","type-page","status-publish","hentry"],"_links":{"self":[{"href":"https:\/\/alicebergelac.com\/wp-json\/wp\/v2\/pages\/8","targetHints":{"allow":["GET"]}}],"collection":[{"href":"https:\/\/alicebergelac.com\/wp-json\/wp\/v2\/pages"}],"about":[{"href":"https:\/\/alicebergelac.com\/wp-json\/wp\/v2\/types\/page"}],"author":[{"embeddable":true,"href":"https:\/\/alicebergelac.com\/wp-json\/wp\/v2\/users\/1"}],"replies":[{"embeddable":true,"href":"https:\/\/alicebergelac.com\/wp-json\/wp\/v2\/comments?post=8"}],"version-history":[{"count":82,"href":"https:\/\/alicebergelac.com\/wp-json\/wp\/v2\/pages\/8\/revisions"}],"predecessor-version":[{"id":467,"href":"https:\/\/alicebergelac.com\/wp-json\/wp\/v2\/pages\/8\/revisions\/467"}],"wp:attachment":[{"href":"https:\/\/alicebergelac.com\/wp-json\/wp\/v2\/media?parent=8"}],"curies":[{"name":"wp","href":"https:\/\/api.w.org\/{rel}","templated":true}]}}